{"id":808,"date":"2021-03-12T13:33:23","date_gmt":"2021-03-12T12:33:23","guid":{"rendered":"http:\/\/www.udaf83.fr\/?page_id=808"},"modified":"2023-02-15T16:49:50","modified_gmt":"2023-02-15T15:49:50","slug":"droit-de-la-famille-parentalite-enfance","status":"publish","type":"page","link":"https:\/\/neos.udaf83.fr\/NEOS\/?page_id=808","title":{"rendered":"DROIT DE LA FAMILLE \/ PARENTALIT\u00c9 \/ ENFANCE"},"content":{"rendered":"<h6 class=\"article-title__title\">D\u00e9sol\u00e9, vous n\u2019\u00eates pas autoris\u00e9 \u00e0 acc\u00e9der \u00e0 cette page<\/h6>","protected":false},"excerpt":{"rendered":"","protected":false},"author":104,"featured_media":0,"parent":0,"menu_order":0,"comment_status":"closed","ping_status":"closed","template":"templates\/template-page-full-width.php","meta":{"wpupg_custom_link":[],"wpupg_custom_link_behaviour":[],"wpupg_custom_image":[],"wpupg_custom_image_id":[]},"_links":{"self":[{"href":"https:\/\/neos.udaf83.fr\/NEOS\/index.php?rest_route=\/wp\/v2\/pages\/808"}],"collection":[{"href":"https:\/\/neos.udaf83.fr\/NEOS\/index.php?rest_route=\/wp\/v2\/pages"}],"about":[{"href":"https:\/\/neos.udaf83.fr\/NEOS\/index.php?rest_route=\/wp\/v2\/types\/page"}],"author":[{"embeddable":true,"href":"https:\/\/neos.udaf83.fr\/NEOS\/index.php?rest_route=\/wp\/v2\/users\/104"}],"replies":[{"embeddable":true,"href":"https:\/\/neos.udaf83.fr\/NEOS\/index.php?rest_route=%2Fwp%2Fv2%2Fcomments&post=808"}],"version-history":[{"count":42,"href":"https:\/\/neos.udaf83.fr\/NEOS\/index.php?rest_route=\/wp\/v2\/pages\/808\/revisions"}],"predecessor-version":[{"id":2839,"href":"https:\/\/neos.udaf83.fr\/NEOS\/index.php?rest_route=\/wp\/v2\/pages\/808\/revisions\/2839"}],"wp:attachment":[{"href":"https:\/\/neos.udaf83.fr\/NEOS\/index.php?rest_route=%2Fwp%2Fv2%2Fmedia&parent=808"}],"curies":[{"name":"wp","href":"https:\/\/api.w.org\/{rel}","templated":true}]}}